{"id":268,"date":"2013-09-02T14:47:12","date_gmt":"2013-09-02T13:47:12","guid":{"rendered":"http:\/\/telemir.fr\/w\/?page_id=268"},"modified":"2015-10-08T14:48:37","modified_gmt":"2015-10-08T13:48:37","slug":"objectifs","status":"publish","type":"page","link":"http:\/\/telemir.fr\/w\/objectifs\/","title":{"rendered":"Enjeux"},"content":{"rendered":"<p style=\"text-align: center;\">\n<p style=\"text-align: center;\">\n<p style=\"text-align: center;\"><span style=\"color: #00ff00;\"><strong><em>T\u00e9l\u00e9Mir est un dispositif d&#8217;art-science fiction.<\/em><\/strong><\/span><\/p>\n<p><a href=\"http:\/\/telemir.fr\/w\/wp-content\/uploads\/2013\/09\/mire_rvb.jpg\"><img loading=\"lazy\" class=\"aligncenter  wp-image-462\" src=\"http:\/\/telemir.fr\/w\/wp-content\/uploads\/2013\/09\/mire_rvb.jpg\" alt=\"mire_rvb\" width=\"458\" height=\"319\" srcset=\"http:\/\/telemir.fr\/w\/wp-content\/uploads\/2013\/09\/mire_rvb.jpg 753w, http:\/\/telemir.fr\/w\/wp-content\/uploads\/2013\/09\/mire_rvb-300x209.jpg 300w\" sizes=\"(max-width: 458px) 100vw, 458px\" \/><\/a><\/p>\n<p><strong><span style=\"color: #0000ff;\"><i>Axiome<\/i><\/span><\/strong><\/p>\n<p style=\"text-align: justify;\">La mire est une image destin\u00e9e \u00e0 \u00e9talonner l&#8217;affichage d\u2019un \u00e9cran ou d\u2019un t\u00e9l\u00e9viseur. Elle est utilis\u00e9e pour r\u00e9gler la machine \u00e0 notre perception humaine. Le \u201cvaisseau\u201d <em>T\u00e9l\u00e9Mir<\/em> se base sur le m\u00eame principe en y ajoutant la r\u00e9troactivit\u00e9 de la machine sur l\u2019homme: c\u2019est l\u2019exp\u00e9rimentation du reflet num\u00e9rique de notre imagination, o\u00f9 l\u2019un influence l\u2019autre en continu.<\/p>\n<p style=\"text-align: justify;\"><a href=\"http:\/\/telemir.fr\/w\/wp-content\/uploads\/2013\/10\/telem14.jpg\"><img loading=\"lazy\" class=\"wp-image-406 aligncenter\" src=\"http:\/\/telemir.fr\/w\/wp-content\/uploads\/2013\/10\/telem14.jpg\" alt=\"telem14\" width=\"225\" height=\"338\" srcset=\"http:\/\/telemir.fr\/w\/wp-content\/uploads\/2013\/10\/telem14.jpg 400w, http:\/\/telemir.fr\/w\/wp-content\/uploads\/2013\/10\/telem14-200x300.jpg 200w\" sizes=\"(max-width: 225px) 100vw, 225px\" \/><\/a><\/p>\n<p><span style=\"color: #0000ff;\"><b><i>Un voyage<\/i><\/b><\/span><\/p>\n<p style=\"text-align: justify;\">L\u2019interface <em>T\u00e9l\u00e9Mir<\/em> invite le spectateur \u00e0 piloter par la pens\u00e9e un monde audio-visuel immersif dans lequel \u00e9volue l\u2019ensemble du public autour. Cette mise en ab\u00eeme perceptive entre l\u2019Homme et la machine explore notre relation au r\u00e9el, nos projections mentales synchronis\u00e9es au multim\u00e9dia. L\u2019ambiance art-science fiction, propice aux extrapolations imaginaires, engage le spectateur dans une odyss\u00e9e num\u00e9rique sensorielle unique.<\/p>\n<p><a href=\"http:\/\/telemir.fr\/w\/wp-content\/uploads\/2013\/09\/telem31.jpg\"><img loading=\"lazy\" class=\"aligncenter wp-image-456\" src=\"http:\/\/telemir.fr\/w\/wp-content\/uploads\/2013\/09\/telem31.jpg\" alt=\"telem31\" width=\"227\" height=\"341\" srcset=\"http:\/\/telemir.fr\/w\/wp-content\/uploads\/2013\/09\/telem31.jpg 2848w, http:\/\/telemir.fr\/w\/wp-content\/uploads\/2013\/09\/telem31-200x300.jpg 200w, http:\/\/telemir.fr\/w\/wp-content\/uploads\/2013\/09\/telem31-683x1024.jpg 683w\" sizes=\"(max-width: 227px) 100vw, 227px\" \/><\/a><\/p>\n<p><span style=\"color: #0000ff;\"><b><i>M\u00e9di[t]ation<\/i><\/b><\/span><\/p>\n<p style=\"text-align: justify;\">D\u00e9velopp\u00e9 en partenariat avec une \u00e9quipe du CNRS sp\u00e9cialis\u00e9e dans la cognition auditive, <em>T\u00e9l\u00e9Mir<\/em> a vocation \u00e0 proposer au public une \u201cexp\u00e9rience artistique\u201d, o\u00f9 la fronti\u00e8re sensible entre rigueur et fiction permet la mise en \u0153uvre d\u2019une vulgarisation cr\u00e9ative des neurosciences contemporaines li\u00e9es \u00e0 la perception audio-visuelle.<\/p>\n<p style=\"text-align: justify;\">Les acteurs de ces disciplines artistiques et scientifiques participent \u00e0 la performance en temps que com\u00e9diens et interpr\u00e8tes permettant ainsi une rencontre privil\u00e9gi\u00e9e entre experts scientifiques, artistes et grand public dans un cadre agr\u00e9able et stimulant.<\/p>\n<p style=\"text-align: justify;\">En conservant une part de myst\u00e8re dans les informations et repr\u00e9sentations qu\u2019il diffuse, <em>T\u00e9l\u00e9Mir<\/em> am\u00e8ne le spectateur \u00e0 s&#8217;interroger sur l\u2019Humain 2.0 et les technologies de demain.<\/p>\n<p><a href=\"http:\/\/telemir.fr\/w\/wp-content\/uploads\/2013\/09\/telem27.jpg\"><img loading=\"lazy\" class=\"aligncenter wp-image-457\" src=\"http:\/\/telemir.fr\/w\/wp-content\/uploads\/2013\/09\/telem27.jpg\" alt=\"telem27\" width=\"215\" height=\"323\" srcset=\"http:\/\/telemir.fr\/w\/wp-content\/uploads\/2013\/09\/telem27.jpg 2848w, http:\/\/telemir.fr\/w\/wp-content\/uploads\/2013\/09\/telem27-200x300.jpg 200w, http:\/\/telemir.fr\/w\/wp-content\/uploads\/2013\/09\/telem27-683x1024.jpg 683w\" sizes=\"(max-width: 215px) 100vw, 215px\" \/><\/a><\/p>\n<p><span style=\"color: #0000ff;\"><b><i>Enaction<\/i><\/b><\/span><\/p>\n<p style=\"text-align: justify;\">En \u00e9tant au c\u0153ur de la performance, les spectateurs sont investi par cette aventure futuriste et en deviennent \u00e0 leur tour les acteurs. Cette position centrale permet une appropriation libre des concepts de la performance et intuite le r\u00f4le clef de l\u2019engagement populaire dans ces d\u00e9bats, alors extraits des sph\u00e8res \u00e9litistes et amen\u00e9s \u00e0 la port\u00e9e de tous.<\/p>\n<p style=\"text-align: justify;\"><a href=\"http:\/\/telemir.fr\/w\/wp-content\/uploads\/2013\/09\/telem26.jpg\"><img loading=\"lazy\" class=\"aligncenter wp-image-458\" src=\"http:\/\/telemir.fr\/w\/wp-content\/uploads\/2013\/09\/telem26.jpg\" alt=\"telem26\" width=\"216\" height=\"427\" \/><\/a><\/p>\n<p><span style=\"color: #0000ff;\"><b><i>Interface composite<\/i><\/b><\/span><\/p>\n<p style=\"text-align: justify;\"><em>T\u00e9l\u00e9Mir<\/em> est un extraordinaire projet d\u2019\u00e9changes et d\u2019interactions transgenres. En m\u00ealant les mondes des arts num\u00e9riques et des neurosciences, en permettant la rencontre entre experts et publics de tous \u00e2ges, en connectant l\u2019Homme et la machine, il est l\u2019interface hybride d\u2019une aventure sans pr\u00e9c\u00e9dant. De ces \u00e9changes \u00e9merge un nouvel instrument composite au service de la cr\u00e9ation sensorielle multim\u00e9dia.<\/p>\n<p><a href=\"http:\/\/telemir.fr\/w\/wp-content\/uploads\/2013\/09\/telem11.jpg\"><img loading=\"lazy\" class=\"aligncenter wp-image-459\" src=\"http:\/\/telemir.fr\/w\/wp-content\/uploads\/2013\/09\/telem11.jpg\" alt=\"telem11\" width=\"224\" height=\"336\" srcset=\"http:\/\/telemir.fr\/w\/wp-content\/uploads\/2013\/09\/telem11.jpg 2848w, http:\/\/telemir.fr\/w\/wp-content\/uploads\/2013\/09\/telem11-200x300.jpg 200w, http:\/\/telemir.fr\/w\/wp-content\/uploads\/2013\/09\/telem11-683x1024.jpg 683w\" sizes=\"(max-width: 224px) 100vw, 224px\" \/><\/a><\/p>\n<p>&nbsp;<\/p>\n<p><span style=\"color: #0000ff;\"><b><i>Technologie de l\u2019art num\u00e9rique<\/i><\/b><\/span><\/p>\n<p style=\"text-align: justify;\"><em>T\u00e9l\u00e9Mir<\/em> est une mise en \u0153uvre extraordinaire de deux principes fondamentaux de la cr\u00e9ation num\u00e9rique : l\u2019interactivit\u00e9 et la g\u00e9n\u00e9rativit\u00e9. \u00a0Le nombre de champs d\u2019exploration \u00e0 partir de cet outil est quasiment infini.<\/p>\n<p style=\"text-align: justify;\"><a href=\"http:\/\/telemir.fr\/w\/wp-content\/uploads\/2013\/10\/telem331.jpg\"><img loading=\"lazy\" class=\"aligncenter wp-image-405\" src=\"http:\/\/telemir.fr\/w\/wp-content\/uploads\/2013\/10\/telem331.jpg\" alt=\"telem33\" width=\"319\" height=\"187\" \/><\/a><\/p>\n<p style=\"text-align: center;\"><span style=\"color: #00ff00;\">contact : contact@telemir.fr<\/span><\/p>\n","protected":false},"excerpt":{"rendered":"\n\nT\u00e9l\u00e9Mir est un dispositif d&#8217;art-science fiction.\n\nAxiome\nLa mire est une image destin\u00e9e \u00e0 \u00e9talonner l&#8217;affichage d\u2019un \u00e9cran ou d\u2019un t\u00e9l\u00e9viseur. Elle est utilis\u00e9e pour r\u00e9gler la &hellip;","protected":false},"author":2,"featured_media":0,"parent":0,"menu_order":0,"comment_status":"closed","ping_status":"closed","template":"","meta":[],"_links":{"self":[{"href":"http:\/\/telemir.fr\/w\/wp-json\/wp\/v2\/pages\/268"}],"collection":[{"href":"http:\/\/telemir.fr\/w\/wp-json\/wp\/v2\/pages"}],"about":[{"href":"http:\/\/telemir.fr\/w\/wp-json\/wp\/v2\/types\/page"}],"author":[{"embeddable":true,"href":"http:\/\/telemir.fr\/w\/wp-json\/wp\/v2\/users\/2"}],"replies":[{"embeddable":true,"href":"http:\/\/telemir.fr\/w\/wp-json\/wp\/v2\/comments?post=268"}],"version-history":[{"count":29,"href":"http:\/\/telemir.fr\/w\/wp-json\/wp\/v2\/pages\/268\/revisions"}],"predecessor-version":[{"id":463,"href":"http:\/\/telemir.fr\/w\/wp-json\/wp\/v2\/pages\/268\/revisions\/463"}],"wp:attachment":[{"href":"http:\/\/telemir.fr\/w\/wp-json\/wp\/v2\/media?parent=268"}],"curies":[{"name":"wp","href":"https:\/\/api.w.org\/{rel}","templated":true}]}}