{"id":178,"date":"2013-09-02T09:58:44","date_gmt":"2013-09-02T08:58:44","guid":{"rendered":"http:\/\/telemir.fr\/w\/?page_id=178"},"modified":"2015-10-08T14:21:08","modified_gmt":"2015-10-08T13:21:08","slug":"collectif","status":"publish","type":"page","link":"https:\/\/telemir.fr\/w\/collectif\/","title":{"rendered":"Collectif"},"content":{"rendered":"<p>Le collectif <em>T\u00e9l\u00e9Mir<\/em> se compose de chercheurs, ing\u00e9nieurs, artistes, musiciens et sc\u00e9nographes Lyonnais, promouvant les interactions f\u00e9condes entre Art et Science, particuli\u00e8rement en perception auditive.<\/p>\n<p>&nbsp;<\/p>\n<p style=\"text-align: justify;\">L&#8217;\u00e9quipe<span style=\"color: #00ff00;\"> <a style=\"color: #00ff00;\" href=\"https:\/\/crnl.univ-lyon1.fr\/index.php\/fr\/Recherche\/Equipes\/10\" target=\"_blank\">Cognition Auditive et Psychoacoustique<\/a><\/span> (CNRS UMR5292 INSERM U1028, membre du <a href=\"http:\/\/crnl.univ-lyon1.fr\/index.php\/fr\" target=\"_blank\">Centre de Recherche en Neurosciences de Lyon<\/a>) est \u00e0 l&#8217;origine du projet et soutient la partie scientifique. <em>T\u00e9l\u00e9Mir<\/em> b\u00e9n\u00e9ficie de son expertise en mati\u00e8re d&#8217;analyse du signal c\u00e9r\u00e9bral, de perception d&#8217;un environnement sonore et des effets cognitifs associ\u00e9s.<a href=\"http:\/\/telemir.fr\/w\/wp-content\/uploads\/2013\/09\/logoCAP-gras.jpg\"><img loading=\"lazy\" class=\"wp-image-186 aligncenter\" src=\"http:\/\/telemir.fr\/w\/wp-content\/uploads\/2013\/09\/logoCAP-gras.jpg\" alt=\"Print\" width=\"177\" height=\"159\" srcset=\"https:\/\/telemir.fr\/w\/wp-content\/uploads\/2013\/09\/logoCAP-gras.jpg 342w, https:\/\/telemir.fr\/w\/wp-content\/uploads\/2013\/09\/logoCAP-gras-300x270.jpg 300w\" sizes=\"(max-width: 177px) 100vw, 177px\" \/><\/a><\/p>\n<p style=\"text-align: justify;\"><em>T\u00e9l\u00e9Mir<\/em> est port\u00e9 par l&#8217;association <span style=\"color: #00ff00;\">H\u00e9misph\u00e8re<\/span> dont l&#8217;objet est la production, la diffusion, la transmission et la promotion d&#8217;initiatives num\u00e9riques ou culturelles hybrides. L&#8217;association soutient \u00e9galement le d\u00e9veloppement de la relation entre artistes du num\u00e9riques et scientifiques (la plupart de ses membres ont un pied dans les deux mondes).<\/p>\n<p><a href=\"http:\/\/telemir.fr\/w\/wp-content\/uploads\/2013\/09\/logo_hemisph\u00e8re.jpg\"><img loading=\"lazy\" class=\"aligncenter wp-image-452\" src=\"http:\/\/telemir.fr\/w\/wp-content\/uploads\/2013\/09\/logo_hemisph\u00e8re.jpg\" alt=\"logo_hemisph\u00e8re\" width=\"147\" height=\"168\" srcset=\"https:\/\/telemir.fr\/w\/wp-content\/uploads\/2013\/09\/logo_hemisph\u00e8re.jpg 533w, https:\/\/telemir.fr\/w\/wp-content\/uploads\/2013\/09\/logo_hemisph\u00e8re-263x300.jpg 263w\" sizes=\"(max-width: 147px) 100vw, 147px\" \/><\/a><\/p>\n<p style=\"text-align: center;\"><span style=\"color: #0000ff;\"><strong>Alexandra Corneyllie<\/strong><\/span>, Ing\u00e9nieur \u00e9quipe CAP et porteuse du projet.<\/p>\n<p style=\"text-align: center;\"><span style=\"color: #0000ff;\"><strong>Anne-Lise Saive<\/strong><\/span>, doctorante en cognition Olfactive, soutient neuroscientifique du projet et intervenante de la performance.<\/p>\n<p style=\"text-align: center;\"><span style=\"color: #0000ff;\"><strong>Doriane Roche<\/strong><\/span>, graphiste et sc\u00e9nographe. Assistance de direction artistique du <a href=\"http:\/\/www.kxkm.net\/\" target=\"_blank\">Komplex Kapharnaum<\/a> et membre fondateur de <a href=\"http:\/\/www.grandchevalsauvage.com\/\" target=\"_blank\">Grand Cheval Sauvage<\/a>.<\/p>\n<p style=\"text-align: center;\"><strong><span style=\"color: #0000ff;\">Natalia Paez Passaquin<\/span><\/strong>, jeune artiste dipl\u00f4m\u00e9e des beaux arts de St \u00c9tienne en design plastique. (DNSEP)<\/p>\n<p style=\"text-align: center;\"><span style=\"color: #0000ff;\"><strong>Hugo Passaquin<\/strong><\/span> et <span style=\"color: #0000ff;\"><strong>J\u00e9r\u00e9mie Forge<\/strong><\/span>, designers sonores. Artistes et cr\u00e9ateurs de musiques \u00e9lectroniques.<\/p>\n<p style=\"text-align: center;\"><span style=\"color: #0000ff;\"><strong>Thomas Bohl<\/strong><\/span><span style=\"color: #888888; font-size: 17px; line-height: 26px;\">, directeur technique. Informaticien, ing\u00e9nieur en \u00e9lectronique.<\/span><\/p>\n<p style=\"text-align: center;\"><span style=\"color: #0000ff;\"><strong>Samuel Garcia<\/strong><\/span>, <span style=\"color: #0000ff;\"><strong>Jonas Abernot <\/strong><\/span> et <span style=\"color: #0000ff;\"><strong>Simon Bohl<\/strong><\/span>, d\u00e9veloppeurs python.<\/p>\n<p><a href=\"http:\/\/telemir.fr\/w\/wp-content\/uploads\/2013\/02\/TeleMir_Residence_9.jpeg\"><img loading=\"lazy\" class=\"aligncenter size-medium wp-image-64\" src=\"http:\/\/telemir.fr\/w\/wp-content\/uploads\/2013\/02\/TeleMir_Residence_9-300x200.jpeg\" alt=\"TeleMir_Residence_9\" width=\"300\" height=\"200\" srcset=\"https:\/\/telemir.fr\/w\/wp-content\/uploads\/2013\/02\/TeleMir_Residence_9-300x200.jpeg 300w, https:\/\/telemir.fr\/w\/wp-content\/uploads\/2013\/02\/TeleMir_Residence_9-1024x683.jpeg 1024w, https:\/\/telemir.fr\/w\/wp-content\/uploads\/2013\/02\/TeleMir_Residence_9.jpeg 1600w\" sizes=\"(max-width: 300px) 100vw, 300px\" \/><\/a><\/p>\n<p><a href=\"http:\/\/telemir.fr\/w\/wp-content\/uploads\/2013\/02\/residence3.jpg\"><img loading=\"lazy\" class=\"aligncenter size-medium wp-image-117\" src=\"http:\/\/telemir.fr\/w\/wp-content\/uploads\/2013\/02\/residence3-225x300.jpg\" alt=\"residence3\" width=\"225\" height=\"300\" srcset=\"https:\/\/telemir.fr\/w\/wp-content\/uploads\/2013\/02\/residence3-225x300.jpg 225w, https:\/\/telemir.fr\/w\/wp-content\/uploads\/2013\/02\/residence3-768x1024.jpg 768w\" sizes=\"(max-width: 225px) 100vw, 225px\" \/><\/a><\/p>\n<p style=\"text-align: center;\"><span style=\"color: #00ff00;\">contact : contact@telemir.fr<\/span><\/p>\n","protected":false},"excerpt":{"rendered":"Le collectif T\u00e9l\u00e9Mir se compose de chercheurs, ing\u00e9nieurs, artistes, musiciens et sc\u00e9nographes Lyonnais, promouvant les interactions f\u00e9condes entre Art et Science, particuli\u00e8rement en perception auditive.\n&nbsp;\nL&#8217;\u00e9quipe &hellip;","protected":false},"author":2,"featured_media":0,"parent":0,"menu_order":0,"comment_status":"closed","ping_status":"closed","template":"","meta":[],"_links":{"self":[{"href":"https:\/\/telemir.fr\/w\/wp-json\/wp\/v2\/pages\/178"}],"collection":[{"href":"https:\/\/telemir.fr\/w\/wp-json\/wp\/v2\/pages"}],"about":[{"href":"https:\/\/telemir.fr\/w\/wp-json\/wp\/v2\/types\/page"}],"author":[{"embeddable":true,"href":"https:\/\/telemir.fr\/w\/wp-json\/wp\/v2\/users\/2"}],"replies":[{"embeddable":true,"href":"https:\/\/telemir.fr\/w\/wp-json\/wp\/v2\/comments?post=178"}],"version-history":[{"count":38,"href":"https:\/\/telemir.fr\/w\/wp-json\/wp\/v2\/pages\/178\/revisions"}],"predecessor-version":[{"id":455,"href":"https:\/\/telemir.fr\/w\/wp-json\/wp\/v2\/pages\/178\/revisions\/455"}],"wp:attachment":[{"href":"https:\/\/telemir.fr\/w\/wp-json\/wp\/v2\/media?parent=178"}],"curies":[{"name":"wp","href":"https:\/\/api.w.org\/{rel}","templated":true}]}}