{"id":5,"date":"2013-01-26T23:13:00","date_gmt":"2013-01-26T22:13:00","guid":{"rendered":"http:\/\/telemir.fr\/w\/?page_id=5"},"modified":"2015-10-08T15:08:20","modified_gmt":"2015-10-08T14:08:20","slug":"about","status":"publish","type":"page","link":"https:\/\/telemir.fr\/w\/about\/","title":{"rendered":"A Propos"},"content":{"rendered":"<p>&nbsp;<\/p>\n<p style=\"text-align: left;\"><span style=\"font-family: Calibri,sans-serif; color: #00ff00;\"><em><strong>TELEMIR,<\/strong> groupe lyonnais cr\u00e9\u00e9 en 2013 explore le lien entre le cerveau, le m\u00e9dia et ses m\u00e9diums au travers d&#8217;installations visuelles, auditives, narratives, et encephalographiques.<\/em> <\/span><\/p>\n<p>&nbsp;<\/p>\n<p><a href=\"http:\/\/telemir.fr\/w\/wp-content\/uploads\/2013\/01\/telem7.jpg\"><img loading=\"lazy\" class=\"wp-image-472 alignright\" src=\"http:\/\/telemir.fr\/w\/wp-content\/uploads\/2013\/01\/telem7.jpg\" alt=\"telem7\" width=\"267\" height=\"184\" srcset=\"https:\/\/telemir.fr\/w\/wp-content\/uploads\/2013\/01\/telem7.jpg 3878w, https:\/\/telemir.fr\/w\/wp-content\/uploads\/2013\/01\/telem7-300x207.jpg 300w, https:\/\/telemir.fr\/w\/wp-content\/uploads\/2013\/01\/telem7-1024x705.jpg 1024w\" sizes=\"(max-width: 267px) 100vw, 267px\" \/><\/a><\/p>\n<p style=\"text-align: right;\"><span style=\"font-family: Calibri,sans-serif;\">Le <em>T\u00e9l\u00e9Mir<\/em> est une performance publique de <span style=\"color: #0000ff;\">neuro-esth\u00e9tique<\/span>: il invite le spectateur \u00e0 \u00eatre le pilote d&#8217;un dispositif d&#8217;art-science fiction, sorte de vaisseau cognitif qu&#8217;il orchestre par son activit\u00e9 mentale. Inspir\u00e9 du visi-sonor d&#8217;Asimov, c&#8217;est un <span style=\"color: #0000ff;\">instrument de composition multim\u00e9dia <\/span>en lien avec les pens\u00e9es, permettant un voyage enc\u00e9phalo-graphique.<\/span><\/p>\n<p>&nbsp;<\/p>\n<p><a href=\"http:\/\/telemir.fr\/w\/wp-content\/uploads\/2013\/01\/mirageEEG.jpg\"><img loading=\"lazy\" class=\"alignleft size-medium wp-image-211\" src=\"http:\/\/telemir.fr\/w\/wp-content\/uploads\/2013\/01\/mirageEEG-199x300.jpg\" alt=\"mirageEEG\" width=\"199\" height=\"300\" srcset=\"https:\/\/telemir.fr\/w\/wp-content\/uploads\/2013\/01\/mirageEEG-199x300.jpg 199w, https:\/\/telemir.fr\/w\/wp-content\/uploads\/2013\/01\/mirageEEG.jpg 200w\" sizes=\"(max-width: 199px) 100vw, 199px\" \/><\/a><\/p>\n<p><span style=\"font-family: Calibri,sans-serif;\">L&#8217;installation mesure l&#8217;activit\u00e9 c\u00e9r\u00e9brale d&#8217;un volontaire et l&#8217;utilise pour moduler en direct un environnement sonore et visuel, spectacle pour les autres personnes du public.<\/span><\/p>\n<p><span style=\"font-family: Calibri,sans-serif;\"> Un casque sans fils est pos\u00e9 par deux speakrines sur la t\u00eate du chef d&#8217;orchestre pour mesurer son signal c\u00e9r\u00e9bral via une technique d&#8217;acquisition simple et sans danger, appel\u00e9e Electro-Enc\u00e9phaloGraphie. Ce signal est utilis\u00e9 pour g\u00e9n\u00e9rer une ambiance multim\u00e9dia, diffus\u00e9e par un r\u00e9seau d&#8217;enceintes, t\u00e9l\u00e9visions et lumi\u00e8res spatialis\u00e9s. La personne conduit l&#8217;ambiance \u00e0 son gr\u00e9, assist\u00e9 par les speakrines (en moyenne une dizaine de minutes), puis laisse la place \u00e0 une autre personne du public.<\/span><\/p>\n<p>&nbsp;<\/p>\n<p>&nbsp;<\/p>\n<p><a href=\"http:\/\/telemir.fr\/w\/wp-content\/uploads\/2013\/01\/P1020545-e1444312808417.jpg\"><img loading=\"lazy\" class=\"wp-image-467 alignright\" src=\"http:\/\/telemir.fr\/w\/wp-content\/uploads\/2013\/01\/P1020545-e1444312808417.jpg\" alt=\"P1020545\" width=\"179\" height=\"239\" srcset=\"https:\/\/telemir.fr\/w\/wp-content\/uploads\/2013\/01\/P1020545-e1444312808417.jpg 3000w, https:\/\/telemir.fr\/w\/wp-content\/uploads\/2013\/01\/P1020545-e1444312808417-225x300.jpg 225w, https:\/\/telemir.fr\/w\/wp-content\/uploads\/2013\/01\/P1020545-e1444312808417-768x1024.jpg 768w\" sizes=\"(max-width: 179px) 100vw, 179px\" \/><\/a><\/p>\n<p style=\"text-align: right;\">\n<p style=\"text-align: right;\"><span style=\"font-family: Calibri,sans-serif;\">La sc\u00e9nographie et le contenu audio-visuel diffus\u00e9 sont cr\u00e9\u00e9s et adapt\u00e9s au contexte de la repr\u00e9sentation, permettant une exp\u00e9rience unique de <span style=\"color: #0000ff;\">&#8216;reflet cognitif&#8217; <\/span>artistique. Cette exposition est gratuite et tous publics. La pr\u00e9sence de deux scientifiques animant l&#8217;ensemble des sessions permet une rencontre privil\u00e9gi\u00e9e avec les spectateurs, propice aux interactions.<\/span><\/p>\n<p>&nbsp;<\/p>\n<p>&nbsp;<\/p>\n<p>&nbsp;<\/p>\n<p>&nbsp;<\/p>\n<p style=\"text-align: center;\"><a href=\"http:\/\/telemir.fr\/w\/wp-content\/uploads\/2013\/01\/073.jpg\"><img loading=\"lazy\" class=\"aligncenter wp-image-465\" src=\"http:\/\/telemir.fr\/w\/wp-content\/uploads\/2013\/01\/073.jpg\" alt=\"073\" width=\"645\" height=\"363\" srcset=\"https:\/\/telemir.fr\/w\/wp-content\/uploads\/2013\/01\/073.jpg 2816w, https:\/\/telemir.fr\/w\/wp-content\/uploads\/2013\/01\/073-300x169.jpg 300w, https:\/\/telemir.fr\/w\/wp-content\/uploads\/2013\/01\/073-1024x576.jpg 1024w\" sizes=\"(max-width: 645px) 100vw, 645px\" \/><\/a><\/p>\n<p style=\"text-align: center;\"><span style=\"color: #00ff00;\">contact : contact@telemir.fr<\/span><\/p>\n","protected":false},"excerpt":{"rendered":"&nbsp;\nTELEMIR, groupe lyonnais cr\u00e9\u00e9 en 2013 explore le lien entre le cerveau, le m\u00e9dia et ses m\u00e9diums au travers d&#8217;installations visuelles, auditives, narratives, et encephalographiques. &hellip;","protected":false},"author":1,"featured_media":0,"parent":0,"menu_order":0,"comment_status":"closed","ping_status":"closed","template":"","meta":[],"_links":{"self":[{"href":"https:\/\/telemir.fr\/w\/wp-json\/wp\/v2\/pages\/5"}],"collection":[{"href":"https:\/\/telemir.fr\/w\/wp-json\/wp\/v2\/pages"}],"about":[{"href":"https:\/\/telemir.fr\/w\/wp-json\/wp\/v2\/types\/page"}],"author":[{"embeddable":true,"href":"https:\/\/telemir.fr\/w\/wp-json\/wp\/v2\/users\/1"}],"replies":[{"embeddable":true,"href":"https:\/\/telemir.fr\/w\/wp-json\/wp\/v2\/comments?post=5"}],"version-history":[{"count":127,"href":"https:\/\/telemir.fr\/w\/wp-json\/wp\/v2\/pages\/5\/revisions"}],"predecessor-version":[{"id":473,"href":"https:\/\/telemir.fr\/w\/wp-json\/wp\/v2\/pages\/5\/revisions\/473"}],"wp:attachment":[{"href":"https:\/\/telemir.fr\/w\/wp-json\/wp\/v2\/media?parent=5"}],"curies":[{"name":"wp","href":"https:\/\/api.w.org\/{rel}","templated":true}]}}